{"id":3,"date":"2023-12-04T15:28:21","date_gmt":"2023-12-04T14:28:21","guid":{"rendered":"http:\/\/localhost:85\/peritrek\/?page_id=3"},"modified":"2023-12-06T12:41:40","modified_gmt":"2023-12-06T11:41:40","slug":"politique-de-confidentialite","status":"publish","type":"page","link":"https:\/\/selapp.ma\/?page_id=3","title":{"rendered":"POLITIQUE DE CONFIDENTIALITE DES DONNEES PERSONNELLES"},"content":{"rendered":"<section class=\"l-section wpb_row height_medium\"><div class=\"l-section-h i-cf\"><div class=\"g-cols vc_row via_flex valign_top type_default stacking_default\"><div class=\"vc_col-sm-2 wpb_column vc_column_container\"><div class=\"vc_column-inner\"><div class=\"wpb_wrapper\"><\/div><\/div><\/div><div class=\"vc_col-sm-8 wpb_column vc_column_container\"><div class=\"vc_column-inner\"><div class=\"wpb_wrapper\"><div class=\"g-cols wpb_row via_flex valign_middle type_default stacking_default\"><div class=\"vc_col-sm-9 wpb_column vc_column_container\"><div class=\"vc_column-inner\"><div class=\"wpb_wrapper\"><h5 class=\"w-text\"><span class=\"w-text-h\"><span class=\"w-text-value\">POLITIQUE DE CONFIDENTIALITE DES DONNEES PERSONNELLES<\/span><\/span><\/h5><\/div><\/div><\/div><div class=\"vc_col-sm-3 wpb_column vc_column_container\"><div class=\"vc_column-inner\"><div class=\"wpb_wrapper\"><div class=\"w-btn-wrapper align_right\"><a class=\"w-btn us-btn-style_1 icon_atleft text_none\" aria-label=\"Button\" href=\"\/\"><i class=\"fal fa-arrow-left\"><\/i><\/a><\/div><\/div><\/div><\/div><\/div><div class=\"w-separator size_small with_line width_default thick_1 style_solid color_border align_center\"><div class=\"w-separator-h\"><\/div><\/div><div class=\"wpb_text_column us_custom_432d3f53\"><div class=\"wpb_wrapper\"><p>Aradei Capital SA (la \u00ab\u00a0Soci\u00e9t\u00e9\u00a0\u00bb), respecte votre vie priv\u00e9e et s&rsquo;engage \u00e0 appliquer des r\u00e8gles transparentes en mati\u00e8re de protection de la vie priv\u00e9e.<\/p>\n<p>La pr\u00e9sente Politique de confidentialit\u00e9 des donn\u00e9es personnelles a pour objectif de vous fournir des informations claires concernant la mani\u00e8re selon laquelle la Soci\u00e9t\u00e9 traite et prot\u00e8ge les donn\u00e9es personnelles des personnes concern\u00e9es et dont les donn\u00e9es \u00e0 caract\u00e8re personnel sont collect\u00e9es par la Soci\u00e9t\u00e9 dans le cadre de l\u2019utilisation de l\u2019application SelApp. Elle informe les personnes concern\u00e9es sur les raisons pour lesquelles leurs donn\u00e9es sont utilis\u00e9es, \u00e9ventuellement partag\u00e9es, ou encore la dur\u00e9e de conservation de ces donn\u00e9es. Elle indique \u00e9galement les droits des personnes ainsi que les modalit\u00e9s d\u2019exercice de ces droits.<\/p>\n<p>La Soci\u00e9t\u00e9 s\u2019assure que les donn\u00e9es personnelles collect\u00e9es sont trait\u00e9es de mani\u00e8re loyale et licite, et en toute transparence.<\/p>\n<p>La Soci\u00e9t\u00e9 respecte le principe de minimisation des donn\u00e9es \u00e0 savoir que seules sont trait\u00e9es les donn\u00e9es personnelles ad\u00e9quates, pertinentes et limit\u00e9es \u00e0 ce qui est strictement n\u00e9cessaire \u00e0 la r\u00e9alisation de l\u2019objectif pour lequel elles ont \u00e9t\u00e9 collect\u00e9es.<\/p>\n<p><strong>1. Quelle sont les donn\u00e9es \u00e0 caract\u00e8res personnel que nous recueillons, comment nous les utilisons et combien de temps nous les conservons ?<\/strong><\/p>\n<p><em><strong>1.1 Donn\u00e9es requises au fonctionnement de l\u2019application SelApp<\/strong><\/em><\/p>\n<p>Lorsque vous vous inscrivez sur l\u2019application SelApp, nous recueillons de votre fait votre pr\u00e9f\u00e9rence en termes de langue et votre num\u00e9ro de t\u00e9l\u00e9phone. Un message automatique vous est adress\u00e9 avec un code de v\u00e9rification de votre num\u00e9ro de t\u00e9l\u00e9phone.<\/p>\n<p>Nous recueillons les donn\u00e9es d\u2019utilisation de l\u2019application et des services SelApp \u00e0 des fins d\u2019am\u00e9lioration de ces derniers. Nous utilisons ces donn\u00e9es pour :<\/p>\n<ul>\n<li>Mettre en application notre engagement envers vous selon nos Conditions G\u00e9n\u00e9rales d\u2019Utilisation et faciliter notre relation avec vous, y compris pour :\n<ul>\n<li>Vous fournir notre application SelApp,<\/li>\n<li>Administrer votre compte,<\/li>\n<li>Vous envoyer des mises \u00e0 jour de service (y compris des alertes de s\u00e9curit\u00e9),<\/li>\n<\/ul>\n<\/li>\n<li>Vous demander de laisser un avis, de nous faire un retour ou de r\u00e9pondre \u00e0 une enqu\u00eate;<\/li>\n<li>Personnaliser votre exp\u00e9rience et vous offrir un contenu et des recommandations pertinents;<\/li>\n<li>Administrer l\u2019application SelApp et pour les op\u00e9rations internes, y compris les corrections de dysfonctionnement, le d\u00e9pannage, l&rsquo;analyse des donn\u00e9es, les tests et les enqu\u00eates;<\/li>\n<li>Am\u00e9liorer notre application afin d&rsquo;assurer que le contenu vous y soit pr\u00e9sent\u00e9 de la mani\u00e8re la plus efficace. La Soci\u00e9t\u00e9 peut \u00e9galement utiliser des informations agr\u00e9g\u00e9es pour l\u2019aider \u00e0 planifier et \u00e0 d\u00e9velopper de nouvelles fonctionnalit\u00e9s;<\/li>\n<li>Assurer la s\u00fbret\u00e9 et la s\u00e9curit\u00e9 de l\u2019application SelApp, notamment en prenant des mesures pour d\u00e9tecter et pr\u00e9venir la fraude;<\/li>\n<li>Analyser la base d&rsquo;utilisateurs, l&rsquo;utilisation de la plateforme et des services, la popularit\u00e9 des fonctionnalit\u00e9s et du contenu, la qualit\u00e9 des logiciels et du mat\u00e9riel;<\/li>\n<li>Partager des statistiques agr\u00e9g\u00e9es et anonymis\u00e9es avec les partenaires et d&rsquo;autres organisations sur la mani\u00e8re dont les utilisateur ont recours \u00e0 l\u2019application. Ces informations ne permettent pas de vous identifier.<\/li>\n<\/ul>\n<p><strong><em>1.2 Donn\u00e9es facultatives fournies \u00e0 votre discr\u00e9tion<\/em><\/strong><\/p>\n<p>Si vous compl\u00e9tez votre profil, nous recueillons de votre fait certaines donn\u00e9es personnelles : votre nom, votre pr\u00e9nom, votre adresse email, votre localit\u00e9 de r\u00e9sidence, votre date de naissance, votre sexe, votre statut marital, votre statut parental et votre statut professionnel, le cas \u00e9ch\u00e9ant. La Soci\u00e9t\u00e9 utilise ces donn\u00e9es \u00e0 des fins d\u2019\u00e9tude marketing et de campagnes promotionnelles cibl\u00e9es dans le cadre du programme SelApp Fid\u00e9lit\u00e9.<\/p>\n<p>La Soci\u00e9t\u00e9 conserve vos donn\u00e9es personnelles aussi longtemps que vous serez inscrits au programme SelApp. Dans le cas o\u00f9 vous seriez amen\u00e9s \u00e0 vous d\u00e9sinscrire du programme SelApp, vos donn\u00e9es seront supprim\u00e9es un an \u00e0 compter de la date de d\u00e9sactivation de votre compte. Vous pouvez retirer \u00e0 tout moment votre consentement pour une conservation et un traitement ult\u00e9rieurs de vos donn\u00e9es. Tout traitement de vos donn\u00e9es avant votre retrait n&rsquo;est pas affect\u00e9 et est couvert par votre consentement.<\/p>\n<p><strong>2. A qui ces donn\u00e9es peuvent \u00eatre adress\u00e9es ?<\/strong><\/p>\n<p>Les donn\u00e9es que nous collectons sont accessibles aux employ\u00e9s de la Soci\u00e9t\u00e9 requ\u00e9rant de les traiter dans le cadre de leurs fonctions.<\/p>\n<p>Le transfert de vos donn\u00e9es \u00e0 des tiers n&rsquo;a pas lieu, sauf si nous y sommes l\u00e9galement oblig\u00e9s, si le transfert de donn\u00e9es est n\u00e9cessaire \u00e0 l&rsquo;ex\u00e9cution de nos engagements envers vous, tels que formul\u00e9s dans nos Conditions G\u00e9n\u00e9rales d\u2019Utilisation, ou si vous avez pr\u00e9alablement consenti express\u00e9ment \u00e0 la communication de vos donn\u00e9es.<\/p>\n<p>Nous travaillons avec des prestataires de services qui traitent vos informations personnelles afin de nous fournir un service requis au bon fonctionnement de notre programme. Cela inclut les partenaires, les fournisseurs, les sous-traitants et\/ou d&rsquo;autres soci\u00e9t\u00e9s de notre groupe qui contribuent \u00e0 mettre en place les services que nous offrons par le biais de SelApp.<\/p>\n<p><strong>3. Transfert \u00e0 l\u2019\u00e9tranger de donn\u00e9es personnelles<\/strong><\/p>\n<p>La Soci\u00e9t\u00e9 pourrait \u00eatre amen\u00e9e \u00e0 transf\u00e9rer vos donn\u00e9es personnelles \u00e0 l\u2019\u00e9tranger. Dans ce cas, vos donn\u00e9es personnelles sont communiqu\u00e9es pour les stricts besoins de la r\u00e9alisation de ses missions.<\/p>\n<p>En cas de transfert \u00e0 l\u2019\u00e9tranger de vos donn\u00e9es personnelles, la Soci\u00e9t\u00e9 met en \u0153uvre les mesures appropri\u00e9es disponibles, au regard de la r\u00e9glementation en vigueur, pour assurer l\u2019encadrement et la s\u00e9curit\u00e9 de ces transferts.<\/p>\n<p><strong>4. Conservation des donn\u00e9es personnelles<\/strong><\/p>\n<p>La Soci\u00e9t\u00e9 conserve vos donn\u00e9es personnelles aussi longtemps que vous serez inscrits au programme SelApp et le cas \u00e9ch\u00e9ant, pendant la dur\u00e9e n\u00e9cessaire au respect des l\u00e9gislations et des r\u00e9glementations applicables, ou pendant une dur\u00e9e d\u00e9finie au regard de ses contraintes op\u00e9rationnelles, telles qu\u2019une gestion efficace de la relation client, ainsi que pour faire valoir des droits en justice.<\/p>\n<p><strong>5. S\u00e9curisation des donn\u00e9es personnelles<\/strong><\/p>\n<p>La Soci\u00e9t\u00e9 met en \u0153uvre les mesures techniques et organisationnelles appropri\u00e9es afin de garantir un niveau de s\u00e9curit\u00e9 adapt\u00e9 et proportionn\u00e9 au risque. Ces mesures visent \u00e0 garantir la confidentialit\u00e9, l\u2019int\u00e9grit\u00e9, la disponibilit\u00e9 et la r\u00e9silience des donn\u00e9es personnelles.<\/p>\n<p>La Soci\u00e9t\u00e9 impose \u00e0 chacun des destinataires de donn\u00e9es personnelles de respecter les garanties de s\u00e9curit\u00e9 et de confidentialit\u00e9 adapt\u00e9es.<\/p>\n<p><strong>6. Exercice des droits des personnes concern\u00e9es<\/strong><\/p>\n<p>Conform\u00e9ment \u00e0 la l\u00e9gislation, vous avez la possibilit\u00e9 d\u2019exercer vos droits aupr\u00e8s de la Soci\u00e9t\u00e9 :<\/p>\n<p>Ces droits sont les suivants :<\/p>\n<ul>\n<li><em>Droit d\u2019acc\u00e8s<\/em> : vous pouvez \u00e0 tout moment obtenir des informations concernant le traitement de vos donn\u00e9es personnelles ainsi qu\u2019une copie de celles-ci;<\/li>\n<li><em>Droit de rectification<\/em> : dans le cas o\u00f9 vous estimez que vos donn\u00e9es personnelles sont inexactes ou incompl\u00e8tes, vous pouvez demander qu\u2019elles soient modifi\u00e9es en cons\u00e9quence;<\/li>\n<li><em>Droit \u00e0 l\u2019effacement<\/em> : vous pouvez demander la suppression de vos donn\u00e9es personnelles, dans la limite autoris\u00e9e par la loi;<\/li>\n<li><em>Droit \u00e0 la limitation du traitement<\/em> : Vous pouvez demander la limitation du traitement de vos donn\u00e9es personnelles;<\/li>\n<li><em>Droit d\u2019opposition<\/em> : Vous pouvez vous opposer au traitement de vos donn\u00e9es personnelles pour des raisons tenant \u00e0 votre situation particuli\u00e8re. Vous avez \u00e9galement le droit absolu de vous opposer \u00e0 tout moment \u00e0 ce que vos donn\u00e9es soient utilis\u00e9es \u00e0 des fins de prospection commerciale, ou \u00e0 des fins de profilage, si ce profilage est li\u00e9 \u00e0 une prospection commerciale;<\/li>\n<li><em>Droit de retirer votre consentement<\/em> : si vous avez donn\u00e9 votre consentement au traitement de vos donn\u00e9es personnelles, vous pouvez le retirer \u00e0 tout moment;<\/li>\n<\/ul>\n<p>Si vous souhaitez exercer un des droits \u00e9voqu\u00e9s ci-dessus, vous pouvez adresser votre demande \u00e0 l\u2019adresse suivante : <a href=\"mailto:privacy@aradeiservices.com\">privacy@aradeiservices.com<\/a><\/p>\n<\/div><\/div><\/div><\/div><\/div><div class=\"vc_col-sm-2 wpb_column vc_column_container\"><div class=\"vc_column-inner\"><div class=\"wpb_wrapper\"><\/div><\/div><\/div><\/div><\/div><\/section>\n","protected":false},"excerpt":{"rendered":"POLITIQUE DE CONFIDENTIALITE DES DONNEES PERSONNELLESAradei Capital SA (la \u00ab\u00a0Soci\u00e9t\u00e9\u00a0\u00bb), respecte votre vie priv\u00e9e et s&rsquo;engage \u00e0 appliquer des r\u00e8gles transparentes en mati\u00e8re de protection de la vie priv\u00e9e. La pr\u00e9sente Politique de confidentialit\u00e9 des donn\u00e9es personnelles a pour objectif de vous fournir des informations claires concernant la mani\u00e8re selon laquelle la Soci\u00e9t\u00e9 traite et...","protected":false},"author":1,"featured_media":0,"parent":0,"menu_order":0,"comment_status":"closed","ping_status":"open","template":"","meta":{"footnotes":""},"class_list":["post-3","page","type-page","status-publish","hentry"],"_links":{"self":[{"href":"https:\/\/selapp.ma\/index.php?rest_route=\/wp\/v2\/pages\/3","targetHints":{"allow":["GET"]}}],"collection":[{"href":"https:\/\/selapp.ma\/index.php?rest_route=\/wp\/v2\/pages"}],"about":[{"href":"https:\/\/selapp.ma\/index.php?rest_route=\/wp\/v2\/types\/page"}],"author":[{"embeddable":true,"href":"https:\/\/selapp.ma\/index.php?rest_route=\/wp\/v2\/users\/1"}],"replies":[{"embeddable":true,"href":"https:\/\/selapp.ma\/index.php?rest_route=%2Fwp%2Fv2%2Fcomments&post=3"}],"version-history":[{"count":12,"href":"https:\/\/selapp.ma\/index.php?rest_route=\/wp\/v2\/pages\/3\/revisions"}],"predecessor-version":[{"id":246,"href":"https:\/\/selapp.ma\/index.php?rest_route=\/wp\/v2\/pages\/3\/revisions\/246"}],"wp:attachment":[{"href":"https:\/\/selapp.ma\/index.php?rest_route=%2Fwp%2Fv2%2Fmedia&parent=3"}],"curies":[{"name":"wp","href":"https:\/\/api.w.org\/{rel}","templated":true}]}}